{"id":128,"date":"2020-01-14T10:20:39","date_gmt":"2020-01-14T09:20:39","guid":{"rendered":"http:\/\/imagerie-lorientaise.fr\/?page_id=128"},"modified":"2020-01-14T10:20:39","modified_gmt":"2020-01-14T09:20:39","slug":"coloscanner","status":"publish","type":"page","link":"https:\/\/imagerie-lorientaise.fr\/index.php\/coloscanner\/","title":{"rendered":"Coloscanner"},"content":{"rendered":"<p style=\"text-align: center;\"><strong>IMAGERIE BRETAGNE SUD<\/strong><\/p>\n<p style=\"text-align: center;\"><strong>SCANNER \u2013 IRM<\/strong><\/p>\n<p style=\"text-align: center;\">Clinique du Ter \u2013 Clinique Mutualiste<\/p>\n<p style=\"text-align: center;\">\n<p style=\"text-align: center;\">5 all\u00e9e de la Clinique du TER \u2013 3 rue Robert de la Croix<\/p>\n<p style=\"text-align: center;\">56270 PLOEMEUR\u2013 56100 LORIENT<\/p>\n<p style=\"text-align: center;\">\n<p>&nbsp;<\/p>\n<p><strong><u>COLOSCANNER<\/u><\/strong><\/p>\n<p>&nbsp;<\/p>\n<p>Madame, Monsieur,<\/p>\n<p>&nbsp;<\/p>\n<p>Cet examen vous a \u00e9t\u00e9 prescrit par votre m\u00e9decin : vous \u00eates libre de l\u2019accepter ou de le refuser ; il ne sera pratiqu\u00e9 qu\u2019avec <strong>votre consentement<\/strong>.<\/p>\n<p>Le scanner permet de faire des images en coupe du corps humain. Les renseignements apport\u00e9s par cet examen sont tr\u00e8s souvent d\u00e9terminants pour porter un diagnostic pr\u00e9cis.<\/p>\n<p>Le colo-scanner va permettre une bonne \u00e9tude des parois de l\u2019ensemble du colon. Il est notamment indiqu\u00e9 chez les patients chez qui la coloscopie a \u00e9t\u00e9 incompl\u00e8te ou chez les patients chez qui une coloscopie est contre indiqu\u00e9e.<\/p>\n<p>Cet appareil utilise des rayons X. En mati\u00e8re d\u2019irradiation des patients, rien n\u2019a pu \u00eatre d\u00e9montr\u00e9 dans ce domaine compte tenu des faibles doses utilis\u00e9es et des pr\u00e9cautions prises pour limiter au strict minimum la zone examin\u00e9e.<\/p>\n<p>Toutefois, des pr\u00e9cautions concernant les femmes enceintes doivent \u00eatre prises syst\u00e9matiquement. C\u2019est pourquoi il est important de signaler si vous pouvez \u00eatre dans ce cas.<\/p>\n<p>&nbsp;<\/p>\n<p>Le radiologue peut-\u00eatre amen\u00e9 \u00e0 injecter <strong>un produit \u00e0 base d&rsquo;iode<\/strong>.<\/p>\n<p>&nbsp;<\/p>\n<p><strong>Il est tr\u00e8s important que vous r\u00e9pondiez bien aux questions qui vous seront pos\u00e9es sur votre \u00e9tat de sant\u00e9 ainsi que sur les m\u00e9dicaments que vous prenez. <\/strong><\/p>\n<ul>\n<li><strong>S\u2019il est possible que vous soyez enceinte, <\/strong><\/li>\n<li><strong>Si vous souffrez d\u2019allergie, d\u2019asthme ou d\u2019ecz\u00e9ma, <\/strong>(une pr\u00e9m\u00e9dication vous sera prescrite)<\/li>\n<li><strong>Si vous prenez un traitement pour fluidifier le sang, <\/strong><\/li>\n<li><strong>Si vous \u00eates porteur(euse) d\u2019 une <u>maladie cardiaque, r\u00e9nale ou du diab\u00e8te <\/u><\/strong><\/li>\n<\/ul>\n<p>&nbsp;<\/p>\n<p><strong><em>Signalez-le \u00e0 la secr\u00e9taire, \u00e0 la manipulatrice. <\/em><\/strong><\/p>\n<p><strong>\u00a0<\/strong><\/p>\n<p><strong>APPORTEZ LE JOUR DE L\u2019EXAMEN <\/strong><\/p>\n<ol>\n<li>la demande de votre m\u00e9decin (ordonnance, lettre, \u2026),<\/li>\n<li>les r\u00e9sultats de vos prises de sang et examen d\u2019urine.<\/li>\n<li>la liste <u>\u00e9crite <\/u>des m\u00e9dicaments que vous prenez habituellement.<\/li>\n<li>le dossier radiologique (radiographies, \u00e9chographies, scanners, IRM)<\/li>\n<li>les produits qui ont pu \u00eatre demand\u00e9s pour l&rsquo;examen<\/li>\n<\/ol>\n<p>&nbsp;<\/p>\n<p><strong>LE MATIN DE L\u2019EXAMEN <\/strong><\/p>\n<p>Prenez un petit d\u00e9jeuner l\u00e9ger (ex : un th\u00e9 et deux biscottes ou un peu de pain).<\/p>\n<p>Ne fumez pas avant l\u2019examen.<\/p>\n<p>Sauf indication contraire, prenez vos m\u00e9dicaments habituels.<\/p>\n<p>&nbsp;<\/p>\n<p><strong>DEUX HEURES AVANT L\u2019EXAMEN <\/strong><\/p>\n<p>Il faudra faire un lavement \u00e9vacuateur.<\/p>\n<p>&nbsp;<\/p>\n<p><strong>LE DEROULEMENT DE L\u2019EXAMEN <\/strong><\/p>\n<p>Avant l\u2019examen, une canule rectale sera mise en place puis, par cette canule, de l\u2019eau sera inject\u00e9e au niveau du colon. En g\u00e9n\u00e9ral, le remplissage du colon n\u2019est pas douloureux.<\/p>\n<p>Le M\u00e9decin restera aupr\u00e8s de vous lors du remplissage.<\/p>\n<p>En cas de probl\u00e8me, n\u2019h\u00e9sitez pas \u00e0 le lui signaler.<\/p>\n<p>Vous serez allong\u00e9 sur un lit qui se d\u00e9place dans un large anneau, le plus souvent sur le dos et seul dans la salle d\u2019examen ; nous pourrons communiquer avec vous gr\u00e2ce \u00e0 un micro. L\u2019\u00e9quipe se trouve tout pr\u00e8s de vous, derri\u00e8re une vitre.<\/p>\n<p>Elle vous voit et vous entend pendant tout l\u2019examen. Si cela \u00e9tait n\u00e9cessaire, elle peut intervenir \u00e0 tout instant.<\/p>\n<p>Selon la zone \u00e9tudi\u00e9e, vos bras seront le long du corps ou derri\u00e8re la t\u00eate. L\u2019examen est g\u00e9n\u00e9ralement rapide. Votre coop\u00e9ration est importante : vous devez essayer de rester immobile ; dans certains cas, nous vous demanderons, \u00e0 l\u2019aide du micro, d\u2019arr\u00eater de respirer pour quelques secondes.<\/p>\n<p>Vous resterez en moyenne 15 minutes dans la salle du scanner.<\/p>\n<p>&nbsp;<\/p>\n<p><strong>PENDANT L\u2019EXAMEN <\/strong><\/p>\n<p>Suivez attentivement les indications qui vous seront donn\u00e9es ; votre coop\u00e9ration est essentielle pour que les images ne soient pas floues,<\/p>\n<p>Si vous ressentez une douleur lors de l\u2019injection, il faut la signaler imm\u00e9diatement.<\/p>\n<p>&nbsp;<\/p>\n<p><strong>LES RISQUES <\/strong><\/p>\n<p>Les accidents graves li\u00e9s \u00e0 l\u2019injection sont rarissimes (un cas grave sur 100 000 examens: d\u00e9c\u00e8s par choc cardio-respiratoire soit 14 fois moins que le risque d&rsquo;\u00eatre tu\u00e9 dans l&rsquo;ann\u00e9e sur la route). Les incidents (h\u00e9matome au point de ponction ou fuite du produit sous la peau) sont plus fr\u00e9quents et seront trait\u00e9s localement. Les accidents r\u00e9naux sont possibles en cas de maladie fragilisant le rein (insuffisance r\u00e9nale chronique, diab\u00e8te avec insuffisance r\u00e9nale\u2026) qu\u2019il est important de signaler d\u00e8s votre prise de rendez-vous et avant toute injection.<\/p>\n<p>&nbsp;<\/p>\n<p><strong>RESULTATS <\/strong><\/p>\n<p>Un premier commentaire pourra vous \u00eatre donn\u00e9 juste apr\u00e8s l\u2019examen. Il ne s\u2019agira l\u00e0 que d\u2019une premi\u00e8re approche, car les images doivent \u00eatre ensuite analys\u00e9es sur un ordinateur par le m\u00e9decin radiologue. Le compte-rendu \u00e9crit sera disponible dans les meilleurs d\u00e9lais.<\/p>\n<p>&nbsp;<\/p>\n<p><strong>APRES VOTRE RETOUR A DOMICILE <\/strong><\/p>\n<p>Dans l\u2019immense majorit\u00e9 des cas, vous ne ressentirez rien de particulier. N\u2019h\u00e9sitez pas cependant \u00e0 signaler \u00e0 l\u2019\u00e9quipe tout \u00e9v\u00e9nement qui vous para\u00eetrait anormal.<\/p>\n<p>Si vous avez re\u00e7u une injection, pour acc\u00e9l\u00e9rer l\u2019\u00e9limination du produit, buvez de l\u2019eau abondamment (sauf r\u00e9gime particulier, dans les cas d\u2019insuffisance cardiaque ou r\u00e9nale).<\/p>\n<p>&nbsp;<\/p>\n<p><em>Il est normal que vous vous posiez des questions sur l\u2019examen que vous \u00eates amen\u00e9 \u00e0 passer. Nous esp\u00e9rons y avoir r\u00e9pondu. N\u2019h\u00e9sitez pas \u00e0 nous interroger \u00e0 nouveau pour tout renseignement compl\u00e9mentaire.<\/em><\/p>\n","protected":false},"excerpt":{"rendered":"<p>IMAGERIE BRETAGNE SUD SCANNER \u2013 IRM Clinique du Ter \u2013 Clinique Mutualiste 5 all\u00e9e de la Clinique du TER \u2013 3 rue Robert de la Croix 56270 PLOEMEUR\u2013 56100 LORIENT &nbsp; COLOSCANNER &nbsp; Madame, Monsieur, &nbsp; Cet examen vous a \u00e9t\u00e9 prescrit par votre m\u00e9decin : vous \u00eates libre de l\u2019accepter ou de le refuser &hellip; <\/p>\n<p class=\"link-more\"><a href=\"https:\/\/imagerie-lorientaise.fr\/index.php\/coloscanner\/\" class=\"more-link\">Continuer la lecture<span class=\"screen-reader-text\"> de &laquo;&nbsp;Coloscanner&nbsp;&raquo;<\/span><\/a><\/p>\n","protected":false},"author":2,"featured_media":0,"parent":0,"menu_order":0,"comment_status":"closed","ping_status":"closed","template":"","meta":{"footnotes":""},"class_list":["post-128","page","type-page","status-publish","hentry"],"_links":{"self":[{"href":"https:\/\/imagerie-lorientaise.fr\/index.php\/wp-json\/wp\/v2\/pages\/128","targetHints":{"allow":["GET"]}}],"collection":[{"href":"https:\/\/imagerie-lorientaise.fr\/index.php\/wp-json\/wp\/v2\/pages"}],"about":[{"href":"https:\/\/imagerie-lorientaise.fr\/index.php\/wp-json\/wp\/v2\/types\/page"}],"author":[{"embeddable":true,"href":"https:\/\/imagerie-lorientaise.fr\/index.php\/wp-json\/wp\/v2\/users\/2"}],"replies":[{"embeddable":true,"href":"https:\/\/imagerie-lorientaise.fr\/index.php\/wp-json\/wp\/v2\/comments?post=128"}],"version-history":[{"count":1,"href":"https:\/\/imagerie-lorientaise.fr\/index.php\/wp-json\/wp\/v2\/pages\/128\/revisions"}],"predecessor-version":[{"id":129,"href":"https:\/\/imagerie-lorientaise.fr\/index.php\/wp-json\/wp\/v2\/pages\/128\/revisions\/129"}],"wp:attachment":[{"href":"https:\/\/imagerie-lorientaise.fr\/index.php\/wp-json\/wp\/v2\/media?parent=128"}],"curies":[{"name":"wp","href":"https:\/\/api.w.org\/{rel}","templated":true}]}}