{"id":130,"date":"2020-01-14T10:20:39","date_gmt":"2020-01-14T09:20:39","guid":{"rendered":"http:\/\/imagerie-lorientaise.fr\/?page_id=130"},"modified":"2020-01-14T10:20:39","modified_gmt":"2020-01-14T09:20:39","slug":"epidurale","status":"publish","type":"page","link":"https:\/\/imagerie-lorientaise.fr\/index.php\/epidurale\/","title":{"rendered":"Epidurale"},"content":{"rendered":"<p style=\"text-align: center;\"><strong>IMAGERIE BRETAGNE SUD<\/strong><\/p>\n<p style=\"text-align: center;\"><strong>SCANNER \u2013 IRM<\/strong><\/p>\n<p style=\"text-align: center;\">Clinique du Ter \u2013 Clinique Mutualiste<\/p>\n<p style=\"text-align: center;\">\n<p style=\"text-align: center;\">5 all\u00e9e de la Clinique du TER \u2013 3 rue Robert de la Croix<\/p>\n<p style=\"text-align: center;\">56270 PLOEMEUR\u2013 56100 LORIENT<\/p>\n<p style=\"text-align: center;\"><strong>\u00a0<\/strong><\/p>\n<p><strong>\u00a0<\/strong><\/p>\n<p><strong>\u00a0<\/strong><\/p>\n<p><strong><u>INFILTRATION EPIDURALE DE CORTISONIQUES SOUS SCANNER<\/u><\/strong><strong>\u00a0:<\/strong><\/p>\n<p><strong>\u00a0<\/strong><\/p>\n<p>Madame, Monsieur,<\/p>\n<p>&nbsp;<\/p>\n<p>Cet examen vous a \u00e9t\u00e9 prescrit par votre m\u00e9decin : vous \u00eates libre de l\u2019accepter ou de le refuser ; il ne sera pratiqu\u00e9 qu\u2019avec <strong>votre consentement.<\/strong><\/p>\n<p><strong>\u00a0<\/strong><\/p>\n<p>Le scanner permet de faire des images en coupe du corps humain. Les renseignements apport\u00e9s par cet examen sont tr\u00e8s souvent d\u00e9terminants pour porter un diagnostic pr\u00e9cis.<\/p>\n<p>Cet appareil utilise des rayons X. En mati\u00e8re d\u2019irradiation des patients, rien n\u2019a pu \u00eatre d\u00e9montr\u00e9 dans ce domaine compte tenu des faibles doses utilis\u00e9es et des pr\u00e9cautions prises pour limiter au strict minimum la zone examin\u00e9e. Toutefois, des pr\u00e9cautions concernant les femmes enceintes doivent \u00eatre prises syst\u00e9matiquement. C\u2019est pourquoi il est important de signaler si vous pouvez \u00eatre dans ce cas.<\/p>\n<p>Le radiologue peut-\u00eatre amen\u00e9 \u00e0 <strong>injecter un produit \u00e0 base d&rsquo;iode.<\/strong><\/p>\n<p><strong>\u00a0<\/strong><\/p>\n<p><strong>Il est tr\u00e8s important que vous r\u00e9pondiez bien aux questions qui vous seront pos\u00e9es sur votre \u00e9tat de sant\u00e9 ainsi que sur les m\u00e9dicaments que vous prenez.<\/strong><\/p>\n<p><strong>&#8211; S\u2019il est possible que vous soyez enceinte,<\/strong><\/p>\n<p><strong>&#8211; Si vous souffrez d\u2019allergie, d\u2019asthme ou d\u2019ecz\u00e9ma, (une pr\u00e9m\u00e9dication vous sera prescrite)<\/strong><\/p>\n<p><strong>&#8211; Si vous prenez un traitement pour fluidifier le sang,<\/strong><\/p>\n<p><strong>&#8211; Si vous \u00eates porteur(euse) d\u2019 une maladie cardiaque, r\u00e9nale ou du diab\u00e8te<\/strong><\/p>\n<p><em>Signalez-le \u00e0 la secr\u00e9taire, \u00e0 la manipulatrice.<\/em><\/p>\n<p><em>\u00a0<\/em><\/p>\n<p><strong><em>APPORTEZ LE JOUR DE L\u2019EXAMEN<\/em><\/strong><\/p>\n<ol>\n<li>la demande de votre m\u00e9decin (ordonnance, lettre, \u2026),<\/li>\n<li>les r\u00e9sultats de vos prises de sang<\/li>\n<li>la liste \u00e9crite des m\u00e9dicaments que vous prenez habituellement.<\/li>\n<li>le dossier radiologique (radiographies, \u00e9chographies, scanners, IRM)<\/li>\n<li>les produits qui ont pu \u00eatre demand\u00e9s pour l&rsquo;examen<\/li>\n<\/ol>\n<p>&nbsp;<\/p>\n<p><strong>AVANT L\u2019EXAMEN<\/strong><\/p>\n<p>A l\u2019exception des m\u00e9dicaments que l\u2019on vous aurait pr\u00e9cis\u00e9ment demand\u00e9 d\u2019arr\u00eater, vous prendrez normalement vos autres traitements.<\/p>\n<p>Venez de pr\u00e9f\u00e9rence accompagn\u00e9. Il ne faut pas \u00eatre \u00e0 jeun.<\/p>\n<p>Pour \u00eatre plus \u00e0 l\u2019aise, il est conseill\u00e9 d\u2019aller aux toilettes avant la ponction.<\/p>\n<p>&nbsp;<\/p>\n<p><strong>LE DEROULEMENT DE L\u2019EXAMEN<\/strong><\/p>\n<p>Vous serez allong\u00e9 sur un lit qui se d\u00e9place dans un large anneau, le plus souvent sur le ventre et seul dans la salle d\u2019examen ; nous pourrons communiquer avec vous gr\u00e2ce \u00e0 un micro. L\u2019\u00e9quipe se trouve tout pr\u00e8s de vous, derri\u00e8re une vitre. Elle vous voit et vous entend pendant tout l\u2019examen. Si cela \u00e9tait n\u00e9cessaire, elle peut intervenir \u00e0 tout instant.<\/p>\n<p>L\u2019infiltration \u00e9pidurale consiste \u00e0 injecter un m\u00e9dicament anti-inflammatoire \u00e0 base de cristaux de cortisone directement au contact du nerf dont l\u2019irritation est responsable de votre douleur.<\/p>\n<p>L\u2019injection est effectu\u00e9e \u00e0 l\u2019endroit o\u00f9 le nerf sort de la colonne vert\u00e9brale, c\u2019est-\u00e0-dire dans un canal (ou foramen) situ\u00e9 entre deux vert\u00e8bres.<\/p>\n<p>Le geste sera effectu\u00e9 par guidage (t\u00e9l\u00e9vision). Cette technique permet de choisir le bon point d\u2019entr\u00e9e de l\u2019aiguille et de suivre son trajet.<\/p>\n<p>Pendant l\u2019infiltration, suivez bien les recommandations du m\u00e9decin et du technicien. Votre coop\u00e9ration est essentielle : elle contribuera \u00e0 la rapidit\u00e9 du geste de ponction et diminuera les risques de douleur et de complications.<\/p>\n<p>Vous \u00eates install\u00e9 \u00e0 plat ventre sur une table de radiographie. La peau est d\u2019abord d\u00e9sinfect\u00e9e. La piq\u00fbre est le moment un peu d\u00e9sagr\u00e9able de l\u2019examen. Sous contr\u00f4le, l\u2019aiguille est mise en place \u00e0 proximit\u00e9 du nerf. Une faible quantit\u00e9 de produit de contraste iod\u00e9 est inject\u00e9e pour v\u00e9rifier la bonne position de l\u2019extr\u00e9mit\u00e9 de l\u2019aiguille, puis le produit est inject\u00e9. Quelques images radiologiques seront prises durant les diff\u00e9rentes phases de l&rsquo;examen.<\/p>\n<p>&nbsp;<\/p>\n<p><strong>PENDANT L\u2019EXAMEN<\/strong><\/p>\n<p>Suivez attentivement les indications qui vous seront donn\u00e9es ; votre coop\u00e9ration est essentielle pour que les images ne soient pas floues,<\/p>\n<p>Si vous ressentez une douleur lors de l\u2019injection, il faut la signaler imm\u00e9diatement.<\/p>\n<p>&nbsp;<\/p>\n<p><strong>LES RESULTATS<\/strong><\/p>\n<p>Cette infiltration peut diminuer votre douleur, mais le r\u00e9sultat n&rsquo;est pas constant.<\/p>\n<p>&nbsp;<\/p>\n<p><strong>LES RISQUES<\/strong><\/p>\n<p>Toute intervention sur le corps humain, m\u00eame conduite dans des conditions de comp\u00e9tence et de s\u00e9curit\u00e9 maximales, comporte un risque de complication.<\/p>\n<p>Une enqu\u00eate officielle de pharmacovigilance souligne un risque d\u2019effet ind\u00e9sirable neurologique. De rares cas de parapl\u00e9gie &#8211; t\u00e9trapl\u00e9gie ont \u00e9t\u00e9 rapport\u00e9s lors d\u2019injections de glucocortico\u00efde par voie foraminale. Le risque appara\u00eet plus \u00e9lev\u00e9 en cas d\u2019ant\u00e9c\u00e9dent de chirurgie du rachis lombaire.<\/p>\n<p>Comme pour toute ponction, il existe un tr\u00e8s faible risque d\u2019infection. Toutes les pr\u00e9cautions n\u00e9cessaires sont prises pour l\u2019\u00e9viter.<\/p>\n<p>&nbsp;<\/p>\n<p><strong>APRES L\u2019EXAMEN<\/strong><\/p>\n<p>Apr\u00e8s votre retour \u00e0 domicile :<\/p>\n<p>Un repos est conseill\u00e9 pour une meilleure efficacit\u00e9 de l\u2019infiltration dont l\u2019effet ne se manifestera qu\u2019apr\u00e8s quelques jours.<\/p>\n<p>En cas de fi\u00e8vre ou de douleur importante dans les jours suivant l\u2019infiltration (possibles signes d\u2019infection), il est important de contacter imm\u00e9diatement votre m\u00e9decin ou le radiologue.<\/p>\n","protected":false},"excerpt":{"rendered":"<p>IMAGERIE BRETAGNE SUD SCANNER \u2013 IRM Clinique du Ter \u2013 Clinique Mutualiste 5 all\u00e9e de la Clinique du TER \u2013 3 rue Robert de la Croix 56270 PLOEMEUR\u2013 56100 LORIENT \u00a0 \u00a0 \u00a0 INFILTRATION EPIDURALE DE CORTISONIQUES SOUS SCANNER\u00a0: \u00a0 Madame, Monsieur, &nbsp; Cet examen vous a \u00e9t\u00e9 prescrit par votre m\u00e9decin : vous \u00eates &hellip; <\/p>\n<p class=\"link-more\"><a href=\"https:\/\/imagerie-lorientaise.fr\/index.php\/epidurale\/\" class=\"more-link\">Continuer la lecture<span class=\"screen-reader-text\"> de &laquo;&nbsp;Epidurale&nbsp;&raquo;<\/span><\/a><\/p>\n","protected":false},"author":2,"featured_media":0,"parent":0,"menu_order":0,"comment_status":"closed","ping_status":"closed","template":"","meta":{"footnotes":""},"class_list":["post-130","page","type-page","status-publish","hentry"],"_links":{"self":[{"href":"https:\/\/imagerie-lorientaise.fr\/index.php\/wp-json\/wp\/v2\/pages\/130","targetHints":{"allow":["GET"]}}],"collection":[{"href":"https:\/\/imagerie-lorientaise.fr\/index.php\/wp-json\/wp\/v2\/pages"}],"about":[{"href":"https:\/\/imagerie-lorientaise.fr\/index.php\/wp-json\/wp\/v2\/types\/page"}],"author":[{"embeddable":true,"href":"https:\/\/imagerie-lorientaise.fr\/index.php\/wp-json\/wp\/v2\/users\/2"}],"replies":[{"embeddable":true,"href":"https:\/\/imagerie-lorientaise.fr\/index.php\/wp-json\/wp\/v2\/comments?post=130"}],"version-history":[{"count":1,"href":"https:\/\/imagerie-lorientaise.fr\/index.php\/wp-json\/wp\/v2\/pages\/130\/revisions"}],"predecessor-version":[{"id":131,"href":"https:\/\/imagerie-lorientaise.fr\/index.php\/wp-json\/wp\/v2\/pages\/130\/revisions\/131"}],"wp:attachment":[{"href":"https:\/\/imagerie-lorientaise.fr\/index.php\/wp-json\/wp\/v2\/media?parent=130"}],"curies":[{"name":"wp","href":"https:\/\/api.w.org\/{rel}","templated":true}]}}