{"id":132,"date":"2020-01-14T10:20:40","date_gmt":"2020-01-14T09:20:40","guid":{"rendered":"http:\/\/imagerie-lorientaise.fr\/?page_id=132"},"modified":"2021-04-16T07:12:03","modified_gmt":"2021-04-16T05:12:03","slug":"irm-pelvienne-dynamique","status":"publish","type":"page","link":"https:\/\/imagerie-lorientaise.fr\/index.php\/irm-pelvienne-dynamique\/","title":{"rendered":"IRM Pelvienne dynamique"},"content":{"rendered":"<p style=\"text-align: center;\"><strong>IMAGERIE BRETAGNE SUD<\/strong><\/p>\n<p style=\"text-align: center;\"><strong>SCANNER \u2013 IRM<\/strong><\/p>\n<p style=\"text-align: center;\">Clinique du Ter \u2013 Clinique Mutualiste<\/p>\n<p style=\"text-align: center;\">5 all\u00e9e de la Clinique du TER \u2013 3 rue Robert de la Croix<\/p>\n<p style=\"text-align: center;\">56270 PLOEMEUR\u2013 56100 LORIENT<\/p>\n<p><strong>\u00a0<\/strong><\/p>\n<p><strong><u>IRM PELVIENNE DYNAMIQUE<\/u><\/strong><\/p>\n<p><strong><u>\u00a0<\/u><\/strong><\/p>\n<p>Madame,<\/p>\n<p>&nbsp;<\/p>\n<p>Votre m\u00e9decin vous a propos\u00e9 un examen radiologique. Il sera pratiqu\u00e9 avec votre consentement. Vous avez en effet la libert\u00e9 de l\u2019accepter ou de le refuser.<\/p>\n<p>Une information vous est fournie sur le d\u00e9roulement de l\u2019examen et de ses suites.<\/p>\n<p>Le m\u00e9decin radiologue est qualifi\u00e9 pour juger de l\u2019utilit\u00e9 de cet examen pour r\u00e9pondre au probl\u00e8me diagnostique que se pose votre m\u00e9decin. Toutefois, il se peut que cet examen ne donne pas toutes les r\u00e9ponses.<\/p>\n<p>Il est tr\u00e8s important que vous r\u00e9pondiez bien aux questions qui vous seront \u00e9ventuellement pos\u00e9es sur votre \u00e9tat de sant\u00e9 ainsi que sur les m\u00e9dicaments que vous prenez (liste \u00e9crite des m\u00e9dicaments). Certains traitements doivent en effet \u00eatre modifi\u00e9s ou interrompus pour certains examens d\u2019imagerie.<\/p>\n<p>N\u2019oubliez pas de vous munir de vos anciens examens pour une comparaison et surtout de respecter les recommandations qui vous sont faites.<\/p>\n<p>L\u2019IRM est un examen non irradiant qui utilise les propri\u00e9t\u00e9s des champs magn\u00e9tiques.<\/p>\n<p>Pour les intensit\u00e9s utilis\u00e9es par cette technique, il n\u2019a jamais \u00e9t\u00e9 d\u00e9crit de cons\u00e9quence particuli\u00e8re pour l\u2019homme.<\/p>\n<p>&nbsp;<\/p>\n<p>Le d\u00e9roulement de l\u2019examen<\/p>\n<p>\u00c0 votre arriv\u00e9e, on vous posera, comme lors de la prise du rendez-vous, plusieurs questions ; le plus important est de signaler que vous n&rsquo;avez ni pile cardiaque (pacemaker), ni valve cardiaque, ni d&rsquo;\u00e9l\u00e9ment contenant du fer pr\u00e8s des yeux ou dans la t\u00eate.<\/p>\n<p>On vous indiquera les v\u00eatements que vous devrez enlever. Vous ne garderez aucun bouton, agrafe, barrette de cheveux ou fermeture \u00e9clair m\u00e9tallique.<\/p>\n<p>Vous laisserez au vestiaire, vos bijoux, montre, clefs, porte-monnaie, cartes \u00e0 bande magn\u00e9tique (carte de cr\u00e9dit, de transport..) et votre t\u00e9l\u00e9phone portable.<\/p>\n<p>Vous entrerez dans une salle qui sera ferm\u00e9e pendant l&rsquo;examen. Vous serez allong\u00e9 sur un lit qui se d\u00e9place dans une sorte de tunnel, le plus souvent sur le dos et seul dans la salle d\u2019examen ; nous communiquerons avec vous gr\u00e2ce \u00e0 un micro.<\/p>\n<p>Dans tous les cas, l\u2019\u00e9quipe se trouve tout pr\u00e8s de vous, derri\u00e8re une vitre. Elle vous voit et vous entend, pendant tout l\u2019examen, et \u00e0 tout moment peut intervenir ou interrompre l&rsquo;examen.<\/p>\n<p>Vous resterez en moyenne 15 \u00e0 30 minutes dans la salle d\u2019examen.<\/p>\n<p>Votre coop\u00e9ration est importante : vous devez essayer de rester parfaitement immobile.<\/p>\n<p>Certains examens n\u00e9cessitent une injection intraveineuse, le plus souvent au pli du coude.<\/p>\n<p>&nbsp;<\/p>\n<p>&nbsp;<\/p>\n<p>Que ressentirez-vous ?<\/p>\n<p>L\u2019examen n\u2019est pas douloureux, mais il est souvent un peu long et le bruit peut \u00eatre d\u00e9sagr\u00e9able.<\/p>\n<p>Un sentiment de malaise par crainte d&rsquo;\u00eatre enferm\u00e9 (claustrophobie) est un probl\u00e8me courant que nous connaissons bien.<\/p>\n<p>Souvent on peut le r\u00e9duire par des moyens simples, sans aucun traitement.<\/p>\n<p>Une injection pour une IRM : comment et avec quels risques ?<\/p>\n<p>Le produit de contraste le plus souvent utilis\u00e9 est \u00e0 base de Gadolinium.<\/p>\n<p>Ce produit est g\u00e9n\u00e9ralement bien tol\u00e9r\u00e9. D\u2019\u00e9ventuelles manifestations allergiques banales sont possibles (urticaire).<\/p>\n<p>De tr\u00e8s graves r\u00e9actions d&rsquo;allergie sont tout \u00e0 fait exceptionnelles.<\/p>\n<p>Les incidents (h\u00e9matome au point de ponction ou fuite du produit sous la peau) sont plus fr\u00e9quents et seront trait\u00e9s localement.<\/p>\n<p>&nbsp;<\/p>\n<p><strong>PARTICULARITES DE L\u2019IRM DYNAMIQUE DU PELVIS :<\/strong><\/p>\n<p>Cet examen a pour but d\u2019analyser le comportement musculaire du p\u00e9rin\u00e9e et de son<\/p>\n<p>environnement, et d\u2019appr\u00e9cier la position de la vessie, du rectum et de l\u2019axe utero-vaginal.<\/p>\n<p>Dans ce but, vous serez install\u00e9e initialement en salle de pr\u00e9paration et le manipulateur introduira dans le rectum, a l\u2019aide d\u2019une canule au niveau de l\u2019anus, une petite quantit\u00e9 de gel utilis\u00e9 habituellement en \u00e9chographie.<\/p>\n<p>Certaines s\u00e9quences particuli\u00e8res seront r\u00e9alis\u00e9es en vous demandant de contracter les muscles du p\u00e9rin\u00e9e puis de pousser et d\u2019\u00e9vacuer le produit mis en place.<\/p>\n<p>&nbsp;<\/p>\n<p>R\u00e9sultats<\/p>\n<p>Un premier commentaire pourra vous \u00eatre donn\u00e9 juste apr\u00e8s l\u2019examen, il ne s\u2019agira l\u00e0 que d\u2019une premi\u00e8re approche, car les images doivent \u00eatre ensuite analys\u00e9es sur un ordinateur par le m\u00e9decin radiologue. Le compte-rendu \u00e9crit sera disponible dans les meilleurs d\u00e9lais.<\/p>\n<p>&nbsp;<\/p>\n<p>Ce que vous devez faire<\/p>\n<p><u>Apportez le jour de l\u2019examen<\/u> :<\/p>\n<ol>\n<li>la demande de votre m\u00e9decin (ordonnance, lettre, \u2026)<\/li>\n<li>la liste \u00e9crite des m\u00e9dicaments que vous prenez,<\/li>\n<li>le dossier radiographique en votre possession (radiographies, \u00e9chographies, scanners, IRM)<\/li>\n<li>tous vos r\u00e9sultats d\u2019analyses de sang.<\/li>\n<\/ol>\n<p>&nbsp;<\/p>\n<p>Juste avant l\u2019examen<\/p>\n<p>Pour \u00eatre plus \u00e0 l\u2019aise, il est conseill\u00e9, sauf indication contraire, d\u2019aller aux toilettes.<\/p>\n<p>&nbsp;<\/p>\n<p>Pendant l\u2019examen<\/p>\n<p>Suivez attentivement les indications qui vous seront donn\u00e9es ; votre coop\u00e9ration est essentielle pour que les images ne soient pas floues,<\/p>\n<p>Si vous ressentiez une douleur lors de l\u2019injection, il faut la signaler imm\u00e9diatement.<\/p>\n<p>&nbsp;<\/p>\n<p>Apr\u00e8s votre retour \u00e0 domicile<\/p>\n<p>Dans l\u2019immense majorit\u00e9 des cas, vous ne ressentirez rien de particulier. N\u2019h\u00e9sitez pas cependant \u00e0 signaler \u00e0 l\u2019\u00e9quipe tout \u00e9v\u00e9nement qui vous para\u00eetrait anormal.<\/p>\n<p><em>\u00a0<\/em><\/p>\n<p><em>Il est normal que vous vous posiez des questions sur l\u2019examen que vous \u00eates amen\u00e9 \u00e0 passer. Nous esp\u00e9rons y avoir r\u00e9pondu. <\/em><\/p>\n<p><em>N\u2019h\u00e9sitez pas \u00e0 nous interroger \u00e0 nouveau pour tout renseignement compl\u00e9mentaire.<\/em><\/p>\n<p>&nbsp;<\/p>\n","protected":false},"excerpt":{"rendered":"<p>IMAGERIE BRETAGNE SUD SCANNER \u2013 IRM Clinique du Ter \u2013 Clinique Mutualiste 5 all\u00e9e de la Clinique du TER \u2013 3 rue Robert de la Croix 56270 PLOEMEUR\u2013 56100 LORIENT \u00a0 IRM PELVIENNE DYNAMIQUE \u00a0 Madame, &nbsp; Votre m\u00e9decin vous a propos\u00e9 un examen radiologique. Il sera pratiqu\u00e9 avec votre consentement. Vous avez en effet &hellip; <\/p>\n<p class=\"link-more\"><a href=\"https:\/\/imagerie-lorientaise.fr\/index.php\/irm-pelvienne-dynamique\/\" class=\"more-link\">Continuer la lecture<span class=\"screen-reader-text\"> de &laquo;&nbsp;IRM Pelvienne dynamique&nbsp;&raquo;<\/span><\/a><\/p>\n","protected":false},"author":2,"featured_media":0,"parent":0,"menu_order":0,"comment_status":"closed","ping_status":"closed","template":"","meta":{"footnotes":""},"class_list":["post-132","page","type-page","status-publish","hentry"],"_links":{"self":[{"href":"https:\/\/imagerie-lorientaise.fr\/index.php\/wp-json\/wp\/v2\/pages\/132","targetHints":{"allow":["GET"]}}],"collection":[{"href":"https:\/\/imagerie-lorientaise.fr\/index.php\/wp-json\/wp\/v2\/pages"}],"about":[{"href":"https:\/\/imagerie-lorientaise.fr\/index.php\/wp-json\/wp\/v2\/types\/page"}],"author":[{"embeddable":true,"href":"https:\/\/imagerie-lorientaise.fr\/index.php\/wp-json\/wp\/v2\/users\/2"}],"replies":[{"embeddable":true,"href":"https:\/\/imagerie-lorientaise.fr\/index.php\/wp-json\/wp\/v2\/comments?post=132"}],"version-history":[{"count":3,"href":"https:\/\/imagerie-lorientaise.fr\/index.php\/wp-json\/wp\/v2\/pages\/132\/revisions"}],"predecessor-version":[{"id":215,"href":"https:\/\/imagerie-lorientaise.fr\/index.php\/wp-json\/wp\/v2\/pages\/132\/revisions\/215"}],"wp:attachment":[{"href":"https:\/\/imagerie-lorientaise.fr\/index.php\/wp-json\/wp\/v2\/media?parent=132"}],"curies":[{"name":"wp","href":"https:\/\/api.w.org\/{rel}","templated":true}]}}