{"id":46,"date":"2020-01-10T21:42:34","date_gmt":"2020-01-10T20:42:34","guid":{"rendered":"http:\/\/imagerie-lorientaise.fr\/?page_id=46"},"modified":"2022-02-06T08:08:10","modified_gmt":"2022-02-06T07:08:10","slug":"prises-de-rendez-vous","status":"publish","type":"page","link":"https:\/\/imagerie-lorientaise.fr\/index.php\/prises-de-rendez-vous\/","title":{"rendered":"Prises de rendez-vous"},"content":{"rendered":"<h4>Cabinet de Radiologie G\u00e9n\u00e9ral De Gaulle<\/h4>\n<p>76 Avenue G\u00e9n\u00e9ral de Gaulle 56100 LORIENT<br \/>\n02 97 64 35 04<\/p>\n<p><a href=\"https:\/\/www.radiologie-lorient.com\" target=\"_blank\" rel=\"noopener noreferrer\">Lorient <\/a><\/p>\n<h4>Cabinet de Radiologie Cours Chazelles<\/h4>\n<p>23 Cours de Chazelles 56100 LORIENT<br \/>\n02 97 64 23 52<\/p>\n<p><a href=\"https:\/\/www.radiologie-chazelles.fr\" target=\"_blank\" rel=\"noopener noreferrer\">Chazelles<\/a><\/p>\n<h4>Cabinet de Radiologie de Quimperl\u00e9<\/h4>\n<p>1 Avenue du L\u00e9zardeau 29300 QUIMPERL\u00c9<br \/>\n02 98 39 31 49<\/p>\n<p><a href=\"https:\/\/www.radiologie-lorient.com\">www.lezardeau-radiologie.fr<\/a><\/p>\n<h4>Cabinet de Radiologie de Lanester<\/h4>\n<p>44 Avenue Francois Billoux 56600 LANESTER<br \/>\n02 97 76 53 23<\/p>\n<h4>Cabinet de Radiologie de Pl\u0153meur<\/h4>\n<p>26 Rue St Bieuzy 56270 PL\u0152MEUR<br \/>\n02 97 86 34 60<\/p>\n<h4>Service Radiologie de la Clinique du Ter<\/h4>\n<p>5 All\u00e9e de la Clinique du Ter 56275 PL\u0152MEUR<br \/>\n02 97 37 87 45<\/p>\n<p><a href=\"http:\/\/www.radiologie-lorient.com\/\">www.radiologie-lorient.com<\/a><\/p>\n<h4>Cabinet de Radiologie d&rsquo;Hennebont<\/h4>\n<p>11 Avenue du Pr\u00e9sident Salvador Allende<br \/>\n56700 HENNEBONT \/\/ 02 97 36 25 11<\/p>\n<p><a href=\"https:\/\/www.radiologie-lorient.com\/\">Hennebont<\/a><\/p>\n<p>&nbsp;<\/p>\n","protected":false},"excerpt":{"rendered":"<p>Cabinet de Radiologie G\u00e9n\u00e9ral De Gaulle 76 Avenue G\u00e9n\u00e9ral de Gaulle 56100 LORIENT 02 97 64 35 04 Lorient Cabinet de Radiologie Cours Chazelles 23 Cours de Chazelles 56100 LORIENT 02 97 64 23 52 Chazelles Cabinet de Radiologie de Quimperl\u00e9 1 Avenue du L\u00e9zardeau 29300 QUIMPERL\u00c9 02 98 39 31 49 www.lezardeau-radiologie.fr Cabinet de &hellip; <\/p>\n<p class=\"link-more\"><a href=\"https:\/\/imagerie-lorientaise.fr\/index.php\/prises-de-rendez-vous\/\" class=\"more-link\">Continuer la lecture<span class=\"screen-reader-text\"> de &laquo;&nbsp;Prises de rendez-vous&nbsp;&raquo;<\/span><\/a><\/p>\n","protected":false},"author":2,"featured_media":0,"parent":0,"menu_order":2,"comment_status":"closed","ping_status":"closed","template":"","meta":{"footnotes":""},"class_list":["post-46","page","type-page","status-publish","hentry"],"_links":{"self":[{"href":"https:\/\/imagerie-lorientaise.fr\/index.php\/wp-json\/wp\/v2\/pages\/46","targetHints":{"allow":["GET"]}}],"collection":[{"href":"https:\/\/imagerie-lorientaise.fr\/index.php\/wp-json\/wp\/v2\/pages"}],"about":[{"href":"https:\/\/imagerie-lorientaise.fr\/index.php\/wp-json\/wp\/v2\/types\/page"}],"author":[{"embeddable":true,"href":"https:\/\/imagerie-lorientaise.fr\/index.php\/wp-json\/wp\/v2\/users\/2"}],"replies":[{"embeddable":true,"href":"https:\/\/imagerie-lorientaise.fr\/index.php\/wp-json\/wp\/v2\/comments?post=46"}],"version-history":[{"count":8,"href":"https:\/\/imagerie-lorientaise.fr\/index.php\/wp-json\/wp\/v2\/pages\/46\/revisions"}],"predecessor-version":[{"id":219,"href":"https:\/\/imagerie-lorientaise.fr\/index.php\/wp-json\/wp\/v2\/pages\/46\/revisions\/219"}],"wp:attachment":[{"href":"https:\/\/imagerie-lorientaise.fr\/index.php\/wp-json\/wp\/v2\/media?parent=46"}],"curies":[{"name":"wp","href":"https:\/\/api.w.org\/{rel}","templated":true}]}}